{"id":43,"date":"2025-04-11T00:13:57","date_gmt":"2025-04-11T00:13:57","guid":{"rendered":"https:\/\/talleracdelcooaxaca.com.mx\/?page_id=43"},"modified":"2025-04-11T00:32:54","modified_gmt":"2025-04-11T00:32:54","slug":"refacciones","status":"publish","type":"page","link":"https:\/\/talleracdelcooaxaca.com.mx\/index.php\/refacciones\/","title":{"rendered":"Refacciones"},"content":{"rendered":"\n<p><\/p>\n\n\n\n<figure class=\"wp-block-image size-large\"><img loading=\"lazy\" decoding=\"async\" width=\"1024\" height=\"381\" src=\"https:\/\/talleracdelcooaxaca.com.mx\/wp-content\/uploads\/2025\/04\/REFACCIONESACDELCO-1024x381.jpg\" alt=\"\" class=\"wp-image-45\" srcset=\"https:\/\/talleracdelcooaxaca.com.mx\/wp-content\/uploads\/2025\/04\/REFACCIONESACDELCO-1024x381.jpg 1024w, https:\/\/talleracdelcooaxaca.com.mx\/wp-content\/uploads\/2025\/04\/REFACCIONESACDELCO-300x112.jpg 300w, https:\/\/talleracdelcooaxaca.com.mx\/wp-content\/uploads\/2025\/04\/REFACCIONESACDELCO-768x286.jpg 768w, https:\/\/talleracdelcooaxaca.com.mx\/wp-content\/uploads\/2025\/04\/REFACCIONESACDELCO-1536x571.jpg 1536w, https:\/\/talleracdelcooaxaca.com.mx\/wp-content\/uploads\/2025\/04\/REFACCIONESACDELCO-2048x762.jpg 2048w\" sizes=\"auto, (max-width: 1024px) 100vw, 1024px\" \/><\/figure>\n\n\n\n<p>\u00a1M\u00e1s de 100 n\u00fameros de parte en descuento! Ll\u00e1manos al 9511885759<\/p>\n\n\n\n<figure class=\"wp-block-gallery has-nested-images columns-default is-cropped wp-block-gallery-1 is-layout-flex wp-block-gallery-is-layout-flex\">\n<figure class=\"wp-block-image size-large\"><img loading=\"lazy\" decoding=\"async\" width=\"1024\" height=\"1024\" data-id=\"49\" src=\"https:\/\/talleracdelcooaxaca.com.mx\/wp-content\/uploads\/2025\/04\/11-1-1024x1024.png\" alt=\"\" class=\"wp-image-49\" srcset=\"https:\/\/talleracdelcooaxaca.com.mx\/wp-content\/uploads\/2025\/04\/11-1-1024x1024.png 1024w, https:\/\/talleracdelcooaxaca.com.mx\/wp-content\/uploads\/2025\/04\/11-1-300x300.png 300w, https:\/\/talleracdelcooaxaca.com.mx\/wp-content\/uploads\/2025\/04\/11-1-150x150.png 150w, https:\/\/talleracdelcooaxaca.com.mx\/wp-content\/uploads\/2025\/04\/11-1-768x768.png 768w, https:\/\/talleracdelcooaxaca.com.mx\/wp-content\/uploads\/2025\/04\/11-1.png 1080w\" sizes=\"auto, (max-width: 1024px) 100vw, 1024px\" \/><\/figure>\n\n\n\n<figure class=\"wp-block-image size-large\"><img loading=\"lazy\" decoding=\"async\" width=\"1024\" height=\"1024\" data-id=\"48\" src=\"https:\/\/talleracdelcooaxaca.com.mx\/wp-content\/uploads\/2025\/04\/12-1024x1024.png\" alt=\"\" class=\"wp-image-48\" srcset=\"https:\/\/talleracdelcooaxaca.com.mx\/wp-content\/uploads\/2025\/04\/12-1024x1024.png 1024w, https:\/\/talleracdelcooaxaca.com.mx\/wp-content\/uploads\/2025\/04\/12-300x300.png 300w, https:\/\/talleracdelcooaxaca.com.mx\/wp-content\/uploads\/2025\/04\/12-150x150.png 150w, https:\/\/talleracdelcooaxaca.com.mx\/wp-content\/uploads\/2025\/04\/12-768x768.png 768w, https:\/\/talleracdelcooaxaca.com.mx\/wp-content\/uploads\/2025\/04\/12.png 1080w\" sizes=\"auto, (max-width: 1024px) 100vw, 1024px\" \/><\/figure>\n\n\n\n<figure class=\"wp-block-image size-large\"><img loading=\"lazy\" decoding=\"async\" width=\"1024\" height=\"1024\" data-id=\"50\" src=\"https:\/\/talleracdelcooaxaca.com.mx\/wp-content\/uploads\/2025\/04\/13-1024x1024.png\" alt=\"\" class=\"wp-image-50\" srcset=\"https:\/\/talleracdelcooaxaca.com.mx\/wp-content\/uploads\/2025\/04\/13-1024x1024.png 1024w, https:\/\/talleracdelcooaxaca.com.mx\/wp-content\/uploads\/2025\/04\/13-300x300.png 300w, https:\/\/talleracdelcooaxaca.com.mx\/wp-content\/uploads\/2025\/04\/13-150x150.png 150w, https:\/\/talleracdelcooaxaca.com.mx\/wp-content\/uploads\/2025\/04\/13-768x768.png 768w, https:\/\/talleracdelcooaxaca.com.mx\/wp-content\/uploads\/2025\/04\/13.png 1080w\" sizes=\"auto, (max-width: 1024px) 100vw, 1024px\" \/><\/figure>\n<\/figure>\n","protected":false},"excerpt":{"rendered":"<p>\u00a1M\u00e1s de 100 n\u00fameros de parte en descuento! Ll\u00e1manos al 9511885759<\/p>\n","protected":false},"author":1,"featured_media":0,"parent":0,"menu_order":0,"comment_status":"closed","ping_status":"closed","template":"","meta":{"_joinchat":[],"footnotes":""},"class_list":["post-43","page","type-page","status-publish","hentry"],"_links":{"self":[{"href":"https:\/\/talleracdelcooaxaca.com.mx\/index.php\/wp-json\/wp\/v2\/pages\/43","targetHints":{"allow":["GET"]}}],"collection":[{"href":"https:\/\/talleracdelcooaxaca.com.mx\/index.php\/wp-json\/wp\/v2\/pages"}],"about":[{"href":"https:\/\/talleracdelcooaxaca.com.mx\/index.php\/wp-json\/wp\/v2\/types\/page"}],"author":[{"embeddable":true,"href":"https:\/\/talleracdelcooaxaca.com.mx\/index.php\/wp-json\/wp\/v2\/users\/1"}],"replies":[{"embeddable":true,"href":"https:\/\/talleracdelcooaxaca.com.mx\/index.php\/wp-json\/wp\/v2\/comments?post=43"}],"version-history":[{"count":3,"href":"https:\/\/talleracdelcooaxaca.com.mx\/index.php\/wp-json\/wp\/v2\/pages\/43\/revisions"}],"predecessor-version":[{"id":51,"href":"https:\/\/talleracdelcooaxaca.com.mx\/index.php\/wp-json\/wp\/v2\/pages\/43\/revisions\/51"}],"wp:attachment":[{"href":"https:\/\/talleracdelcooaxaca.com.mx\/index.php\/wp-json\/wp\/v2\/media?parent=43"}],"curies":[{"name":"wp","href":"https:\/\/api.w.org\/{rel}","templated":true}]}}